{"id":633,"date":"2025-02-05T10:37:53","date_gmt":"2025-02-05T09:37:53","guid":{"rendered":"https:\/\/defilacbleu.fr\/?page_id=633"},"modified":"2025-02-05T16:51:10","modified_gmt":"2025-02-05T15:51:10","slug":"chalets-uniques-destinations-authentiques","status":"publish","type":"page","link":"https:\/\/defilacbleu.fr\/index.php\/chalets-uniques-destinations-authentiques\/","title":{"rendered":"CHALETS UNIQUES, DESTINATIONS AUTHENTIQUES"},"content":{"rendered":"\n<figure class=\"wp-block-image size-large\"><img loading=\"lazy\" decoding=\"async\" width=\"1024\" height=\"724\" src=\"https:\/\/defilacbleu.fr\/wp-content\/uploads\/2025\/02\/IMG_0462-1024x724.png\" alt=\"\" class=\"wp-image-635\" srcset=\"https:\/\/defilacbleu.fr\/wp-content\/uploads\/2025\/02\/IMG_0462-1024x724.png 1024w, https:\/\/defilacbleu.fr\/wp-content\/uploads\/2025\/02\/IMG_0462-300x212.png 300w, https:\/\/defilacbleu.fr\/wp-content\/uploads\/2025\/02\/IMG_0462-768x543.png 768w, https:\/\/defilacbleu.fr\/wp-content\/uploads\/2025\/02\/IMG_0462-1536x1087.png 1536w, https:\/\/defilacbleu.fr\/wp-content\/uploads\/2025\/02\/IMG_0462-2048x1449.png 2048w\" sizes=\"auto, (max-width: 767px) 89vw, (max-width: 1000px) 54vw, (max-width: 1071px) 543px, 580px\" \/><\/figure>\n\n\n\n<p>Envie de s\u00e9journer dans un chalet tout confort avec vos proches ? Du charmant mazot typique au chalet moderne avec piscine et jacuzzi, vous trouverez forc\u00e9ment votre bonheur sur OVO Network.&nbsp;<\/p>\n\n\n\n<p>Partenaire du D\u00e9fi du Lac Bleu et de Haut-Giffre Tourisme, b\u00e9n\u00e9ficiez de tarifs privil\u00e9gi\u00e9s en renseignant le Code Promo <strong>OVONETWORK-LACBLEU<\/strong><\/p>\n\n\n\n<p>R\u00e9servez la propri\u00e9t\u00e9 de votre choix en quelques clics !<\/p>\n\n\n\n<div class=\"wp-block-buttons has-white-background-color has-background is-layout-flex wp-block-buttons-is-layout-flex\">\n<div class=\"wp-block-button has-custom-width wp-block-button__width-100 has-custom-font-size is-style-fill has-medium-font-size\"><a class=\"wp-block-button__link has-vivid-red-background-color has-background wp-element-button\" href=\"http:\/\/ovonetwork.com\">R\u00e9servez ici !<\/a><\/div>\n<\/div>\n\n\n\n<p>Rendez-vous sur&nbsp;<a href=\"http:\/\/ovonetwork.com\" data-type=\"link\" data-id=\"ovonetwork.com\">ovonetwork.com<\/a><\/p>\n\n\n\n<p><strong>Comment b\u00e9n\u00e9ficier de cette offre ?<\/strong><\/p>\n\n\n\n<ol start=\"1\" class=\"wp-block-list\">\n<li><strong>Choisissez votre chalet<\/strong><\/li>\n<\/ol>\n\n\n\n<p><br>Rendez-vous sur&nbsp;<a href=\"https:\/\/www.ovonetwork.com\/\">ovonetwork.com<\/a>&nbsp;et explorez notre s\u00e9lection de chalets haut de gamme en fonction de vos dates de s\u00e9jour souhait\u00e9es.&nbsp;<\/p>\n\n\n\n<p><strong>2.&nbsp;&nbsp;&nbsp;&nbsp;&nbsp;&nbsp;&nbsp;&nbsp;&nbsp;&nbsp;&nbsp;&nbsp;<\/strong><strong>Contactez le service client OVO Network<\/strong><\/p>\n\n\n\n<p><br>Envoyez un e-mail \u00e0&nbsp;<a href=\"mailto:contact@ovonetwork.com\">contact@ovonetwork.com<\/a>&nbsp;en pr\u00e9cisant :<\/p>\n\n\n\n<p>&#8211; le nom du chalet dans lequel vous souhaitez s\u00e9journer ;<\/p>\n\n\n\n<p>&#8211; la p\u00e9riode de votre s\u00e9jour (date d\u2019arriv\u00e9e et date de d\u00e9part) ;<\/p>\n\n\n\n<p>&#8211; le code promo.<\/p>\n\n\n\n<p>L\u2019\u00e9quipe OVO Network se chargera de vous assister dans la finalisation de votre r\u00e9servation, en appliquant la r\u00e9duction de 7,5 %.&nbsp;<\/p>\n\n\n\n<p><strong>*Conditions g\u00e9n\u00e9rales de l\u2019offre<\/strong><\/p>\n\n\n\n<p><strong>Validit\u00e9 :&nbsp;<\/strong>Cette offre est applicable uniquement pour les r\u00e9servations confirm\u00e9es&nbsp;avant le&nbsp;3 mars 2025, pour&nbsp;des s\u00e9jours \u00e0 toutes dates.&nbsp;<\/p>\n\n\n\n<p><strong>Code unique<\/strong>&nbsp;: Chaque code promotionnel est personnel et ne peut \u00eatre utilis\u00e9 qu\u2019une seule fois.<\/p>\n\n\n\n<p><strong>Applicabilit\u00e9<\/strong>&nbsp;: Offre valable sur les chalets disponibles sur&nbsp;<a href=\"https:\/\/www.ovonetwork.com\/\">ovonetwork.com<\/a>, \u00e0 l\u2019exception des chalets suivants :&nbsp;Authentic lodge SPA, Lodge le Grizzli, Lodge Les Foug\u00e8res, Sweet Nest Lodge, Lodge Alta Clusaz, Helios View Lodge, Lodge Arpitan, Balmaz Lodge, Chalet Panoramic Lodge, Zaru Lodge, Elegance Lodge, Chalet Cheval Blanc, Les Doliges, Chalet Kouzya, Chalet Nahuel Huapi, MontCriou.&nbsp;<\/p>\n\n\n\n<p><strong>Exclusions<\/strong>&nbsp;: Le code promotionnel est cumulable avec les offres sp\u00e9ciales d\u2019OVO Network, mais n\u2019est pas cumulable avec les r\u00e9ductions li\u00e9es au programme de fid\u00e9lit\u00e9.&nbsp;<\/p>\n\n\n\n<p><strong>Modalit\u00e9s de paiement<\/strong>&nbsp;: Les conditions g\u00e9n\u00e9rales de r\u00e9servation s\u2019appliquent \u00e0 toutes les r\u00e9servations effectu\u00e9es avec un code promotionnel.<\/p>\n\n\n\n<p><strong>Contact<\/strong>&nbsp;: Pour toute question ou assistance, n\u2019h\u00e9sitez pas \u00e0 contacter notre l\u2019\u00e9quipe OVO Network \u00e0 l\u2019adresse&nbsp;<a href=\"mailto:contact@ovonetwork.com\">contact@ovonetwork.com<\/a>.<\/p>\n","protected":false},"excerpt":{"rendered":"<p>Envie de s\u00e9journer dans un chalet tout confort avec vos proches ? Du charmant mazot typique au chalet moderne avec piscine et jacuzzi, vous trouverez forc\u00e9ment votre bonheur sur OVO Network.&nbsp; Partenaire du D\u00e9fi du Lac Bleu et de Haut-Giffre Tourisme, b\u00e9n\u00e9ficiez de tarifs privil\u00e9gi\u00e9s en renseignant le Code Promo OVONETWORK-LACBLEU R\u00e9servez la propri\u00e9t\u00e9 de &hellip; <\/p>\n<p class=\"link-more\"><a href=\"https:\/\/defilacbleu.fr\/index.php\/chalets-uniques-destinations-authentiques\/\" class=\"more-link\">Continuer la lecture<span class=\"screen-reader-text\"> de &laquo;&nbsp;CHALETS UNIQUES, DESTINATIONS AUTHENTIQUES&nbsp;&raquo;<\/span><\/a><\/p>\n","protected":false},"author":2,"featured_media":0,"parent":0,"menu_order":0,"comment_status":"closed","ping_status":"closed","template":"","meta":{"footnotes":""},"class_list":["post-633","page","type-page","status-publish","hentry"],"_links":{"self":[{"href":"https:\/\/defilacbleu.fr\/index.php\/wp-json\/wp\/v2\/pages\/633","targetHints":{"allow":["GET"]}}],"collection":[{"href":"https:\/\/defilacbleu.fr\/index.php\/wp-json\/wp\/v2\/pages"}],"about":[{"href":"https:\/\/defilacbleu.fr\/index.php\/wp-json\/wp\/v2\/types\/page"}],"author":[{"embeddable":true,"href":"https:\/\/defilacbleu.fr\/index.php\/wp-json\/wp\/v2\/users\/2"}],"replies":[{"embeddable":true,"href":"https:\/\/defilacbleu.fr\/index.php\/wp-json\/wp\/v2\/comments?post=633"}],"version-history":[{"count":4,"href":"https:\/\/defilacbleu.fr\/index.php\/wp-json\/wp\/v2\/pages\/633\/revisions"}],"predecessor-version":[{"id":646,"href":"https:\/\/defilacbleu.fr\/index.php\/wp-json\/wp\/v2\/pages\/633\/revisions\/646"}],"wp:attachment":[{"href":"https:\/\/defilacbleu.fr\/index.php\/wp-json\/wp\/v2\/media?parent=633"}],"curies":[{"name":"wp","href":"https:\/\/api.w.org\/{rel}","templated":true}]}}