{"id":856,"date":"2026-04-10T17:04:41","date_gmt":"2026-04-10T15:04:41","guid":{"rendered":"https:\/\/defilacbleu.fr\/?page_id=856"},"modified":"2026-04-11T20:25:36","modified_gmt":"2026-04-11T18:25:36","slug":"les-resultats-et-photos-de-la-3e-edition-2026","status":"publish","type":"page","link":"https:\/\/defilacbleu.fr\/index.php\/les-resultats-et-photos-de-la-3e-edition-2026\/","title":{"rendered":"Photos de la 3e \u00e9dition 2026"},"content":{"rendered":"\n<p class=\"has-text-align-center\"><strong>MERCI AUX PHOTOGRAPHES POUR CES 1500 PHOTOS !!<\/strong><\/p>\n\n\n\n<p class=\"has-text-align-center\"><em>Bernard Benavent, Claudie Schott, Eliane Rosseti, Jacques Rionda, Jean Pierre Valls,&nbsp;<\/em><\/p>\n\n\n\n<p class=\"has-text-align-center\"><em>Jean Gaydon, Magalie Legros<\/em>, Roland Bois, Robert Bousrez<\/p>\n\n\n\n<p class=\"has-text-align-center has-vivid-red-color has-text-color has-link-color has-medium-font-size wp-elements-e276716b71193abb40297a8ca675f3db\"><strong>Toutes ces photos vous sont offertes. Si vous les partagez sur les r\u00e9seaux sociaux, merci de cr\u00e9diter les photographes ainsi que le D\u00e9fi du Lac Bleu.<\/strong><\/p>\n\n\n\n<div class=\"wp-block-buttons is-layout-flex wp-block-buttons-is-layout-flex\">\n<div class=\"wp-block-button has-custom-width wp-block-button__width-100\"><a class=\"wp-block-button__link has-medium-font-size has-custom-font-size wp-element-button\" href=\"https:\/\/photos.app.goo.gl\/8dTx4BG9Gk6ae3Zg9\">VENDREDI 27 MARS<\/a><\/div>\n\n\n\n<div class=\"wp-block-button has-custom-width wp-block-button__width-100\"><a class=\"wp-block-button__link has-medium-font-size has-custom-font-size wp-element-button\" href=\"https:\/\/photos.app.goo.gl\/Cv9rbsuQLFmnBDbZA\">SAMEDI 28 MARS (MATIN)<\/a><\/div>\n\n\n\n<div class=\"wp-block-button has-custom-width wp-block-button__width-100\"><a class=\"wp-block-button__link has-medium-font-size has-custom-font-size wp-element-button\" href=\"https:\/\/photos.app.goo.gl\/mt8qqmauJC8JhaZe8\">SAMEDI 28 MARS (APRES MIDI)<\/a><\/div>\n\n\n\n<div class=\"wp-block-button has-custom-width wp-block-button__width-100\"><a class=\"wp-block-button__link has-medium-font-size has-custom-font-size wp-element-button\" href=\"https:\/\/photos.app.goo.gl\/YXCrn5io8J42nGoR9\">DIMANCHE 29 MARS<\/a><\/div>\n<\/div>\n\n\n\n<p><\/p>\n","protected":false},"excerpt":{"rendered":"<p>MERCI AUX PHOTOGRAPHES POUR CES 1500 PHOTOS !! Bernard Benavent, Claudie Schott, Eliane Rosseti, Jacques Rionda, Jean Pierre Valls,&nbsp; Jean Gaydon, Magalie Legros, Roland Bois, Robert Bousrez Toutes ces photos vous sont offertes. Si vous les partagez sur les r\u00e9seaux sociaux, merci de cr\u00e9diter les photographes ainsi que le D\u00e9fi du Lac Bleu.<\/p>\n","protected":false},"author":2,"featured_media":0,"parent":0,"menu_order":0,"comment_status":"closed","ping_status":"closed","template":"","meta":{"footnotes":""},"class_list":["post-856","page","type-page","status-publish","hentry"],"_links":{"self":[{"href":"https:\/\/defilacbleu.fr\/index.php\/wp-json\/wp\/v2\/pages\/856","targetHints":{"allow":["GET"]}}],"collection":[{"href":"https:\/\/defilacbleu.fr\/index.php\/wp-json\/wp\/v2\/pages"}],"about":[{"href":"https:\/\/defilacbleu.fr\/index.php\/wp-json\/wp\/v2\/types\/page"}],"author":[{"embeddable":true,"href":"https:\/\/defilacbleu.fr\/index.php\/wp-json\/wp\/v2\/users\/2"}],"replies":[{"embeddable":true,"href":"https:\/\/defilacbleu.fr\/index.php\/wp-json\/wp\/v2\/comments?post=856"}],"version-history":[{"count":8,"href":"https:\/\/defilacbleu.fr\/index.php\/wp-json\/wp\/v2\/pages\/856\/revisions"}],"predecessor-version":[{"id":867,"href":"https:\/\/defilacbleu.fr\/index.php\/wp-json\/wp\/v2\/pages\/856\/revisions\/867"}],"wp:attachment":[{"href":"https:\/\/defilacbleu.fr\/index.php\/wp-json\/wp\/v2\/media?parent=856"}],"curies":[{"name":"wp","href":"https:\/\/api.w.org\/{rel}","templated":true}]}}